{"id":706,"date":"2022-02-27T19:19:46","date_gmt":"2022-02-27T19:19:46","guid":{"rendered":"http:\/\/disatyrsite.cemjwt.com\/sv\/?page_id=706"},"modified":"2023-12-21T19:13:50","modified_gmt":"2023-12-21T19:13:50","slug":"quienes-somos","status":"publish","type":"page","link":"http:\/\/disatyrsite.cemjwt.com\/sv\/quienes-somos\/","title":{"rendered":"Quienes Somos"},"content":{"rendered":"<div class=\"wpb-content-wrapper\"><p>[vc_row content_placement=\u00bbmiddle\u00bb css=\u00bb.vc_custom_1645993414191{padding-top: 120px !important;padding-bottom: 120px !important;}\u00bb][vc_column cms_column_class=\u00bbrm-padding-lg\u00bb css=\u00bb.vc_custom_1565839794238{padding-top: 0px !important;padding-right: 25px !important;}\u00bb offset=\u00bbvc_col-lg-7 vc_col-md-7&#8243;][cms_gallery_carousel cms_images=\u00bb1046&#8243; grouping=\u00bb1&#8243; icon_image=\u00bb318&#8243; col_xs=\u00bb1&#8243; col_sm=\u00bb1&#8243; col_md=\u00bb1&#8243; col_lg=\u00bb1&#8243; col_xl=\u00bb1&#8243; col_xxl=\u00bb1&#8243; loop=\u00bbtrue\u00bb arrows=\u00bbtrue\u00bb title=\u00bbColaboradores\u00bb digit=\u00bb110&#8243; separator=\u00bb,\u00bb][\/vc_column][vc_column css=\u00bb.vc_custom_1565839804346{padding-top: 0px !important;}\u00bb offset=\u00bbvc_col-lg-5 vc_col-md-5&#8243;][cms_space space_lg=\u00bb0&#8243; space_md=\u00bb0&#8243; space_sm=\u00bb60&#8243; space_xs=\u00bb60&#8243;][cms_heading text=\u00bbL\u00edderes en la industria alimentaria y agroindustrial\u00bb tag=\u00bbh5&#8243; align_lg=\u00bbalign-left\u00bb align_md=\u00bbalign-left-md\u00bb align_sm=\u00bbalign-left-sm\u00bb align_xs=\u00bbalign-left-xs\u00bb description=\u00bbDisatyr S.A. es una instituci\u00f3n comercial que tiene como misi\u00f3n proporcionar en Centroam\u00e9rica soluciones y servicios completos de calidad desde las etapas primarias de la producci\u00f3n, hasta la avanzada transformaci\u00f3n de productos alimenticios.<\/p>\n<p>Representamos como distribuidores exclusivos a una gran cantidad de compa\u00f1\u00edas y laboratorios a trav\u00e9s del mundo, con el objetivo de ofrecer junto a nuestros servicios un mejoramiento de las operaciones de nuestros clientes.<\/p>\n<p>Disponemos de oficinas en seis pa\u00edses, que cuentan con equipos de ventas local y regional. Este a su vez, es respaldado por nuestro equipo de servicio t\u00e9cnico regional, de tal manera aseguramos una soluci\u00f3n y apoyo efectivo a nuestros clientes centroamericanos.\u00bb][\/vc_column][\/vc_row][vc_row css=\u00bb.vc_custom_1662369231414{padding-right: 32px !important;padding-left: 32px !important;}\u00bb][vc_column css=\u00bb.vc_custom_1565855304907{padding-top: 34px !important;padding-bottom: 100px !important;}\u00bb][cms_heading text=\u00bbNuestra historia\u00bb align_lg=\u00bbalign-left\u00bb align_md=\u00bbalign-left-md\u00bb align_sm=\u00bbalign-left-sm\u00bb align_xs=\u00bbalign-left-xs\u00bb text_color=\u00bb#000000&#8243; margin_bottom=\u00bb0&#8243;][vc_empty_space height=\u00bb60&#8243;][vc_column_text]<\/p>\n<h4 class=\"page-title\">1985 \u2013 Fundaci\u00f3n de Disatyr en Honduras<\/h4>\n<p>Un legado de visi\u00f3n: En 1985, nace Disatyr en San Pedro Sula, Honduras, bajo la inspiradora visi\u00f3n del Arq. Jos\u00e9 Birsmark Tapia.<\/p>\n<h4 class=\"content-title\">1990 \u2013 Regionalizaci\u00f3n Centroamericana<\/h4>\n<p>Expandiendo fronteras: En 1990, damos un gran paso hacia la regionalizaci\u00f3n al fundar Disatyr Nicaragua, llevando nuestros servicios a m\u00e1s rincones de Centroam\u00e9rica.<\/p>\n<h4 class=\"content-title\">1991 \u2013 Llegada a El Salvador<\/h4>\n<p>Satisfaciendo demandas pecuarias: En respuesta a las necesidades de la industria pecuaria, inauguramos Disatyr El Salvador en 1991.<\/p>\n<h4 class=\"content-title\">1995 \u2013 Uniendo a Centroam\u00e9rica<\/h4>\n<p>Conexi\u00f3n transnacional: Con tres sucursales en Centroam\u00e9rica, creamos Disatyr Guatemala en 1995, abriendo las puertas para atender a clientes transnacionales.<\/p>\n<h4 class=\"content-title\">2009 \u2013 Potenciando en Costa Rica<\/h4>\n<p>Distribuci\u00f3n y excelencia: En 2009, fortalecemos nuestra presencia en Centroam\u00e9rica al establecer una sucursal en Costa Rica, especializada en equipos de procesos para el sector agroindustrial y agroalimentario.<\/p>\n<h4 class=\"content-title\">2016- Expandiendo Fronteras<\/h4>\n<p>Tras a\u00f1os de atender el mercado Paname\u00f1o a trav\u00e9s de Honduras, fortalecemos nuestra presencia en el mercado Paname\u00f1o al abrir nuestras oficinas en Ciudad de Panam\u00e1.<\/p>\n<h4 class=\"content-title\">39 A\u00f1os de Innovaci\u00f3n en la Industria Agroalimentaria<\/h4>\n<p>L\u00edderes en tecnolog\u00eda y soluciones personalizadas: Desde nuestra fundaci\u00f3n en 1985, hemos liderado la industria agroalimentaria en Centroam\u00e9rica con tecnolog\u00eda de vanguardia, diferenciaci\u00f3n y soluciones a medida para satisfacer las necesidades \u00fanicas de nuestra regi\u00f3n.[\/vc_column_text][\/vc_column][\/vc_row]<\/p>\n<\/div>","protected":false},"excerpt":{"rendered":"<p>[vc_row content_placement=\u00bbmiddle\u00bb css=\u00bb.vc_custom_1645993414191{padding-top: 120px !important;padding-bottom: 120px !important;}\u00bb][vc_column cms_column_class=\u00bbrm-padding-lg\u00bb css=\u00bb.vc_custom_1565839794238{padding-top: 0px !important;padding-right: 25px !important;}\u00bb offset=\u00bbvc_col-lg-7 vc_col-md-7&#8243;][cms_gallery_carousel cms_images=\u00bb1046&#8243; grouping=\u00bb1&#8243; icon_image=\u00bb318&#8243; col_xs=\u00bb1&#8243; col_sm=\u00bb1&#8243; col_md=\u00bb1&#8243; col_lg=\u00bb1&#8243; col_xl=\u00bb1&#8243; col_xxl=\u00bb1&#8243; loop=\u00bbtrue\u00bb arrows=\u00bbtrue\u00bb title=\u00bbColaboradores\u00bb digit=\u00bb110&#8243; separator=\u00bb,\u00bb][\/vc_column][vc_column css=\u00bb.vc_custom_1565839804346{padding-top: 0px !important;}\u00bb offset=\u00bbvc_col-lg-5 vc_col-md-5&#8243;][cms_space space_lg=\u00bb0&#8243; space_md=\u00bb0&#8243; space_sm=\u00bb60&#8243; space_xs=\u00bb60&#8243;][cms_heading text=\u00bbL\u00edderes en la industria alimentaria y agroindustrial\u00bb tag=\u00bbh5&#8243; align_lg=\u00bbalign-left\u00bb align_md=\u00bbalign-left-md\u00bb align_sm=\u00bbalign-left-sm\u00bb align_xs=\u00bbalign-left-xs\u00bb description=\u00bbDisatyr S.A. es una instituci\u00f3n [&hellip;]<\/p>\n","protected":false},"author":1,"featured_media":0,"parent":0,"menu_order":0,"comment_status":"closed","ping_status":"closed","template":"","meta":{"om_disable_all_campaigns":false,"inline_featured_image":false,"footnotes":""},"class_list":["post-706","page","type-page","status-publish","hentry"],"yoast_head":"<!-- This site is optimized with the Yoast SEO plugin v26.9 - https:\/\/yoast.com\/product\/yoast-seo-wordpress\/ -->\n<title>Quienes Somos - Distatyr El Salvador<\/title>\n<meta name=\"robots\" content=\"index, follow, max-snippet:-1, max-image-preview:large, max-video-preview:-1\" \/>\n<link rel=\"canonical\" href=\"http:\/\/disatyrsite.cemjwt.com\/sv\/quienes-somos\/\" \/>\n<meta property=\"og:locale\" content=\"es_ES\" \/>\n<meta property=\"og:type\" content=\"article\" \/>\n<meta property=\"og:title\" content=\"Quienes Somos - Distatyr El Salvador\" \/>\n<meta property=\"og:description\" content=\"[vc_row content_placement=\u00bbmiddle\u00bb css=\u00bb.vc_custom_1645993414191{padding-top: 120px !important;padding-bottom: 120px !important;}\u00bb][vc_column cms_column_class=\u00bbrm-padding-lg\u00bb css=\u00bb.vc_custom_1565839794238{padding-top: 0px !important;padding-right: 25px !important;}\u00bb offset=\u00bbvc_col-lg-7 vc_col-md-7&#8243;][cms_gallery_carousel cms_images=\u00bb1046&#8243; grouping=\u00bb1&#8243; icon_image=\u00bb318&#8243; col_xs=\u00bb1&#8243; col_sm=\u00bb1&#8243; col_md=\u00bb1&#8243; col_lg=\u00bb1&#8243; col_xl=\u00bb1&#8243; col_xxl=\u00bb1&#8243; loop=\u00bbtrue\u00bb arrows=\u00bbtrue\u00bb title=\u00bbColaboradores\u00bb digit=\u00bb110&#8243; separator=\u00bb,\u00bb][\/vc_column][vc_column css=\u00bb.vc_custom_1565839804346{padding-top: 0px !important;}\u00bb offset=\u00bbvc_col-lg-5 vc_col-md-5&#8243;][cms_space space_lg=\u00bb0&#8243; space_md=\u00bb0&#8243; space_sm=\u00bb60&#8243; space_xs=\u00bb60&#8243;][cms_heading text=\u00bbL\u00edderes en la industria alimentaria y agroindustrial\u00bb tag=\u00bbh5&#8243; align_lg=\u00bbalign-left\u00bb align_md=\u00bbalign-left-md\u00bb align_sm=\u00bbalign-left-sm\u00bb align_xs=\u00bbalign-left-xs\u00bb description=\u00bbDisatyr S.A. es una instituci\u00f3n [&hellip;]\" \/>\n<meta property=\"og:url\" content=\"http:\/\/disatyrsite.cemjwt.com\/sv\/quienes-somos\/\" \/>\n<meta property=\"og:site_name\" content=\"Distatyr El Salvador\" \/>\n<meta property=\"article:modified_time\" content=\"2023-12-21T19:13:50+00:00\" \/>\n<meta name=\"twitter:card\" content=\"summary_large_image\" \/>\n<meta name=\"twitter:label1\" content=\"Tiempo de lectura\" \/>\n\t<meta name=\"twitter:data1\" content=\"1 minuto\" \/>\n<script type=\"application\/ld+json\" class=\"yoast-schema-graph\">{\"@context\":\"https:\/\/schema.org\",\"@graph\":[{\"@type\":\"WebPage\",\"@id\":\"http:\/\/disatyrsite.cemjwt.com\/sv\/quienes-somos\/\",\"url\":\"http:\/\/disatyrsite.cemjwt.com\/sv\/quienes-somos\/\",\"name\":\"Quienes Somos - Distatyr El Salvador\",\"isPartOf\":{\"@id\":\"http:\/\/disatyrsite.cemjwt.com\/sv\/#website\"},\"datePublished\":\"2022-02-27T19:19:46+00:00\",\"dateModified\":\"2023-12-21T19:13:50+00:00\",\"breadcrumb\":{\"@id\":\"http:\/\/disatyrsite.cemjwt.com\/sv\/quienes-somos\/#breadcrumb\"},\"inLanguage\":\"es\",\"potentialAction\":[{\"@type\":\"ReadAction\",\"target\":[\"http:\/\/disatyrsite.cemjwt.com\/sv\/quienes-somos\/\"]}]},{\"@type\":\"BreadcrumbList\",\"@id\":\"http:\/\/disatyrsite.cemjwt.com\/sv\/quienes-somos\/#breadcrumb\",\"itemListElement\":[{\"@type\":\"ListItem\",\"position\":1,\"name\":\"Home\",\"item\":\"http:\/\/disatyrsite.cemjwt.com\/sv\/\"},{\"@type\":\"ListItem\",\"position\":2,\"name\":\"Quienes Somos\"}]},{\"@type\":\"WebSite\",\"@id\":\"http:\/\/disatyrsite.cemjwt.com\/sv\/#website\",\"url\":\"http:\/\/disatyrsite.cemjwt.com\/sv\/\",\"name\":\"Distatyr El Salvador\",\"description\":\"Distribuidora Agropecuaria\",\"potentialAction\":[{\"@type\":\"SearchAction\",\"target\":{\"@type\":\"EntryPoint\",\"urlTemplate\":\"http:\/\/disatyrsite.cemjwt.com\/sv\/?s={search_term_string}\"},\"query-input\":{\"@type\":\"PropertyValueSpecification\",\"valueRequired\":true,\"valueName\":\"search_term_string\"}}],\"inLanguage\":\"es\"}]}<\/script>\n<!-- \/ Yoast SEO plugin. -->","yoast_head_json":{"title":"Quienes Somos - Distatyr El Salvador","robots":{"index":"index","follow":"follow","max-snippet":"max-snippet:-1","max-image-preview":"max-image-preview:large","max-video-preview":"max-video-preview:-1"},"canonical":"http:\/\/disatyrsite.cemjwt.com\/sv\/quienes-somos\/","og_locale":"es_ES","og_type":"article","og_title":"Quienes Somos - Distatyr El Salvador","og_description":"[vc_row content_placement=\u00bbmiddle\u00bb css=\u00bb.vc_custom_1645993414191{padding-top: 120px !important;padding-bottom: 120px !important;}\u00bb][vc_column cms_column_class=\u00bbrm-padding-lg\u00bb css=\u00bb.vc_custom_1565839794238{padding-top: 0px !important;padding-right: 25px !important;}\u00bb offset=\u00bbvc_col-lg-7 vc_col-md-7&#8243;][cms_gallery_carousel cms_images=\u00bb1046&#8243; grouping=\u00bb1&#8243; icon_image=\u00bb318&#8243; col_xs=\u00bb1&#8243; col_sm=\u00bb1&#8243; col_md=\u00bb1&#8243; col_lg=\u00bb1&#8243; col_xl=\u00bb1&#8243; col_xxl=\u00bb1&#8243; loop=\u00bbtrue\u00bb arrows=\u00bbtrue\u00bb title=\u00bbColaboradores\u00bb digit=\u00bb110&#8243; separator=\u00bb,\u00bb][\/vc_column][vc_column css=\u00bb.vc_custom_1565839804346{padding-top: 0px !important;}\u00bb offset=\u00bbvc_col-lg-5 vc_col-md-5&#8243;][cms_space space_lg=\u00bb0&#8243; space_md=\u00bb0&#8243; space_sm=\u00bb60&#8243; space_xs=\u00bb60&#8243;][cms_heading text=\u00bbL\u00edderes en la industria alimentaria y agroindustrial\u00bb tag=\u00bbh5&#8243; align_lg=\u00bbalign-left\u00bb align_md=\u00bbalign-left-md\u00bb align_sm=\u00bbalign-left-sm\u00bb align_xs=\u00bbalign-left-xs\u00bb description=\u00bbDisatyr S.A. es una instituci\u00f3n [&hellip;]","og_url":"http:\/\/disatyrsite.cemjwt.com\/sv\/quienes-somos\/","og_site_name":"Distatyr El Salvador","article_modified_time":"2023-12-21T19:13:50+00:00","twitter_card":"summary_large_image","twitter_misc":{"Tiempo de lectura":"1 minuto"},"schema":{"@context":"https:\/\/schema.org","@graph":[{"@type":"WebPage","@id":"http:\/\/disatyrsite.cemjwt.com\/sv\/quienes-somos\/","url":"http:\/\/disatyrsite.cemjwt.com\/sv\/quienes-somos\/","name":"Quienes Somos - Distatyr El Salvador","isPartOf":{"@id":"http:\/\/disatyrsite.cemjwt.com\/sv\/#website"},"datePublished":"2022-02-27T19:19:46+00:00","dateModified":"2023-12-21T19:13:50+00:00","breadcrumb":{"@id":"http:\/\/disatyrsite.cemjwt.com\/sv\/quienes-somos\/#breadcrumb"},"inLanguage":"es","potentialAction":[{"@type":"ReadAction","target":["http:\/\/disatyrsite.cemjwt.com\/sv\/quienes-somos\/"]}]},{"@type":"BreadcrumbList","@id":"http:\/\/disatyrsite.cemjwt.com\/sv\/quienes-somos\/#breadcrumb","itemListElement":[{"@type":"ListItem","position":1,"name":"Home","item":"http:\/\/disatyrsite.cemjwt.com\/sv\/"},{"@type":"ListItem","position":2,"name":"Quienes Somos"}]},{"@type":"WebSite","@id":"http:\/\/disatyrsite.cemjwt.com\/sv\/#website","url":"http:\/\/disatyrsite.cemjwt.com\/sv\/","name":"Distatyr El Salvador","description":"Distribuidora Agropecuaria","potentialAction":[{"@type":"SearchAction","target":{"@type":"EntryPoint","urlTemplate":"http:\/\/disatyrsite.cemjwt.com\/sv\/?s={search_term_string}"},"query-input":{"@type":"PropertyValueSpecification","valueRequired":true,"valueName":"search_term_string"}}],"inLanguage":"es"}]}},"_links":{"self":[{"href":"http:\/\/disatyrsite.cemjwt.com\/sv\/wp-json\/wp\/v2\/pages\/706","targetHints":{"allow":["GET"]}}],"collection":[{"href":"http:\/\/disatyrsite.cemjwt.com\/sv\/wp-json\/wp\/v2\/pages"}],"about":[{"href":"http:\/\/disatyrsite.cemjwt.com\/sv\/wp-json\/wp\/v2\/types\/page"}],"author":[{"embeddable":true,"href":"http:\/\/disatyrsite.cemjwt.com\/sv\/wp-json\/wp\/v2\/users\/1"}],"replies":[{"embeddable":true,"href":"http:\/\/disatyrsite.cemjwt.com\/sv\/wp-json\/wp\/v2\/comments?post=706"}],"version-history":[{"count":40,"href":"http:\/\/disatyrsite.cemjwt.com\/sv\/wp-json\/wp\/v2\/pages\/706\/revisions"}],"predecessor-version":[{"id":1169,"href":"http:\/\/disatyrsite.cemjwt.com\/sv\/wp-json\/wp\/v2\/pages\/706\/revisions\/1169"}],"wp:attachment":[{"href":"http:\/\/disatyrsite.cemjwt.com\/sv\/wp-json\/wp\/v2\/media?parent=706"}],"curies":[{"name":"wp","href":"https:\/\/api.w.org\/{rel}","templated":true}]}}